{"id":136,"date":"2024-11-08T13:17:07","date_gmt":"2024-11-08T13:17:07","guid":{"rendered":"https:\/\/042.digital\/leo\/?page_id=136"},"modified":"2025-04-04T17:12:06","modified_gmt":"2025-04-04T17:12:06","slug":"einspruch-und-nichtigkeitsverfahren","status":"publish","type":"page","link":"https:\/\/flaschpatent.de\/en\/kompetenzen\/einspruch-und-nichtigkeitsverfahren\/","title":{"rendered":"Objection and Nullity Proceedings"},"content":{"rendered":"<div class=\"wpb-content-wrapper\"><div data-parent=\"true\" class=\"vc_row style-color-xsdn-bg row-container has-dividers\" id=\"row-unique-0\"><div class=\"uncode-divider-wrap uncode-divider-wrap-top z_index_0\" style=\"height: 150px; opacity: 0.5\" data-height=\"150\" data-unit=\"px\"><svg version=\"1.1\" class=\"uncode-row-divider uncode-row-divider-gradient-soft\" x=\"0px\" y=\"0px\" width=\"240px\" height=\"24px\" viewbox=\"0 0 240 24\" enable-background=\"new 0 0 240 24\" xml:space=\"preserve\" preserveaspectratio=\"none\">\n\t\t\t<lineargradient id=\"svg-gradient-992969\" gradientunits=\"userSpaceOnUse\" x1=\"120\" y1=\"0\" x2=\"120\" y2=\"34\">\n\t\t\t\t<stop  offset=\"0\" style=\"stop-color:#dddddd;stop-opacity:0\"\/>\n\t\t\t\t<stop  offset=\"1\" style=\"stop-color:#dddddd\"\/>\n\t\t\t<\/lineargradient>\n\t\t\t<path fill=\"url(#svg-gradient-992969)\" d=\"M240,24V0H0v24H240z\"\/>\n\t\t\t<\/svg><\/div><div class=\"row unequal col-double-gutter triple-top-padding triple-bottom-padding single-h-padding limit-width row-parent\"><div class=\"wpb_row row-inner\"><div class=\"wpb_column pos-bottom pos-center align_left column_parent col-lg-8 single-internal-gutter\"><div class=\"uncol style-light\"  ><div class=\"uncoltable\"><div class=\"uncell no-block-padding\" ><div class=\"uncont\" ><div class=\"vc_row row-internal row-container\"><div class=\"row col-double-gutter row-child\"><div class=\"wpb_row row-inner\"><div class=\"wpb_column pos-top pos-center align_left column_child col-lg-12 col-md-75 col-sm-100 single-internal-gutter\"><div class=\"uncol style-light\" ><div class=\"uncoltable\"><div class=\"uncell no-block-padding\" ><div class=\"uncont\" ><div class=\"vc_custom_heading_wrap\"><div class=\"heading-text el-text left-t-right animate_when_almost_visible\" ><h2 class=\"custom font-weight-600 fontsize-429578-custom\" ><span>Objection and Nullity Proceedings<\/span><\/h2><\/div><div class=\"clear\"><\/div><\/div><div class=\"uncode_text_column text-lead bottom-t-top animate_when_almost_visible\" data-speed=\"700\"><p>Granted patents can jeopardize a company's business activities or products through warning letters or patent infringement proceedings. In this case, you have the option of filing an opposition against the patent or, if the nine-month opposition period has expired, filing a nullity action. In addition, protective letters can be filed as a preventive measure against anticipated requests for a preliminary injunction.<\/p>\n<p>I offer specialized services in opposition and nullity proceedings and help you to effectively defend or challenge patent rights. These proceedings are critical to maintaining fair competition and ensuring that only valid patents are enforced.<\/p>\n<p>In the event of opposition proceedings, I support clients in challenging the validity of a patent that has already been granted. As a preventive measure, I file protective letters against anticipated requests for a preliminary injunction with the relevant courts.<\/p>\n<p>I conduct thorough analyses of the patent in question, search the relevant prior art and prepare detailed opposition documents to support your case. My goal is to effectively argue against the validity of the patent and protect your interests and market position.<\/p>\n<p>If you are defending against an opposition, I offer strategic advice and representation throughout the proceedings. I work to present a solid defense that counters the opposing party's claims and supports the validity of your patent.<\/p>\n<p>In addition to opposition proceedings, I also handle nullity proceedings that seek to invalidate a patent. My approach includes a comprehensive legal and technical analysis, ensuring that all relevant arguments are thoroughly addressed. With my support, you can navigate these complex legal proceedings with confidence, whether you want to uphold your patent rights or challenge those of a competitor.<\/p>\n<\/div><\/div><\/div><\/div><\/div><\/div><\/div><\/div><\/div><\/div><\/div><\/div><\/div><\/div><div class=\"wpb_column pos-top pos-center align_left column_parent col-lg-4 no-internal-gutter\"><div class=\"uncol style-light sticky-element sticky-sidebar\"  ><div class=\"uncoltable\"><div class=\"uncell no-block-padding\" ><div class=\"uncont\" ><div class=\"uncode-single-media  text-left animate_when_almost_visible right-t-left\"><div class=\"single-wrapper\" style=\"max-width: 100%;\"><div class=\"tmb tmb-light  img-round img-round-hg tmb-shadowed tmb-shadowed-std tmb-media-first tmb-media-last tmb-content-overlay tmb-no-bg\"><div class=\"t-inside\"><div class=\"t-entry-visual\"><div class=\"t-entry-visual-tc\"><div class=\"uncode-single-media-wrapper img-round img-round-hg\"><img decoding=\"async\" class=\"wp-image-145878\" src=\"https:\/\/flaschpatent.de\/wp-content\/uploads\/2024\/11\/icon_einspruch-und-nichtigkeitsverfahren.jpg\" width=\"1024\" height=\"1024\" alt=\"\" srcset=\"https:\/\/flaschpatent.de\/wp-content\/uploads\/2024\/11\/icon_einspruch-und-nichtigkeitsverfahren.jpg 1024w, https:\/\/flaschpatent.de\/wp-content\/uploads\/2024\/11\/icon_einspruch-und-nichtigkeitsverfahren-300x300.jpg 300w, https:\/\/flaschpatent.de\/wp-content\/uploads\/2024\/11\/icon_einspruch-und-nichtigkeitsverfahren-150x150.jpg 150w, https:\/\/flaschpatent.de\/wp-content\/uploads\/2024\/11\/icon_einspruch-und-nichtigkeitsverfahren-768x768.jpg 768w, https:\/\/flaschpatent.de\/wp-content\/uploads\/2024\/11\/icon_einspruch-und-nichtigkeitsverfahren-350x350.jpg 350w, https:\/\/flaschpatent.de\/wp-content\/uploads\/2024\/11\/icon_einspruch-und-nichtigkeitsverfahren-348x348.jpg 348w, https:\/\/flaschpatent.de\/wp-content\/uploads\/2024\/11\/icon_einspruch-und-nichtigkeitsverfahren-uai-720x720.jpg 720w\" sizes=\"(max-width: 1024px) 100vw, 1024px\" \/><\/div>\n\t\t\t\t\t<\/div>\n\t\t\t\t<\/div><\/div><\/div><\/div><\/div><\/div><\/div><\/div><\/div><\/div><script id=\"script-row-unique-0\" data-row=\"script-row-unique-0\" type=\"text\/javascript\" class=\"vc_controls\">UNCODE.initRow(document.getElementById(\"row-unique-0\"));<\/script><\/div><\/div><\/div><div data-parent=\"true\" class=\"vc_row style-color-153101-bg vc_custom_1732614977919 row-container has-dividers\" style=\"padding-top: 4% ;\" id=\"row-unique-1\"><div class=\"row-background background-element\" style=\"opacity: 1;\">\n\t\t\t\t\t\t\t\t\t\t\t<div class=\"background-wrapper\">\n\t\t\t\t\t\t\t\t\t\t\t\t<div class=\"background-inner\"><\/div>\n\t\t\t\t\t\t\t\t\t\t\t\t<div class=\"block-bg-overlay style-color-xsdn-bg\" style=\"opacity: 0.5;\"><\/div>\n\t\t\t\t\t\t\t\t\t\t\t<\/div>\n\t\t\t\t\t\t\t\t\t\t<\/div><div class=\"uncode-divider-wrap uncode-divider-wrap-top z_index_0 uncode-divider-flip uncode-row-divider-invert\" style=\"height: 150px;\" data-height=\"150\" data-unit=\"px\"><svg version=\"1.1\" class=\"uncode-row-divider uncode-row-divider-curve\" x=\"0px\" y=\"0px\" width=\"240px\" height=\"24px\" viewbox=\"0 0 240 24\" enable-background=\"new 0 0 240 24\" xml:space=\"preserve\" preserveaspectratio=\"none\">\n\t\t<path fill=\"#ffffff\" fill-opacity=\"0.25\" d=\"M240,0H0v24l240-11.26V0z\"\/>\n\t\t<path fill=\"#ffffff\" d=\"M0,0h240v12.74L0,0z\"\/>\n\t\t<path fill=\"#ffffff\" fill-opacity=\"0.5\" d=\"M0,0h240v12.74H0V0z\"\/>\n\t\t<\/svg><\/div><div class=\"row quad-top-padding exa-bottom-padding single-h-padding limit-width row-parent\"><div class=\"wpb_row row-inner\"><div class=\"wpb_column pos-top pos-center align_left column_parent col-lg-12 no-internal-gutter\"><div class=\"uncol style-light\"  ><div class=\"uncoltable\"><div class=\"uncell double-block-padding style-color-xsdn-bg  unradius-xl\" ><div class=\"uncont\" ><div class=\"vc_row vc_custom_1732560428990 row-internal row-container\" style=\"margin-bottom: 0px ;padding-bottom: 0px ;\"><div class=\"row row-child\"><div class=\"wpb_row row-inner\"><div class=\"wpb_column pos-top pos-center align_left column_child col-lg-12 single-internal-gutter\"><div class=\"uncol style-light\" ><div class=\"uncoltable\"><div class=\"uncell no-block-padding\" ><div class=\"uncont\" ><div class=\"vc_custom_heading_wrap\"><div class=\"heading-text el-text\" ><h2 class=\"custom font-weight-600 fontsize-660585-custom\" ><span>Overview of Services<\/span><\/h2><\/div><div class=\"clear\"><\/div><\/div><div class=\"empty-space empty-quart\" ><span class=\"empty-space-inner\"><\/span><\/div>\n<\/div><\/div><\/div><\/div><\/div><\/div><\/div><\/div><div class=\"vc_row row-internal row-container\"><div class=\"row unequal col-no-gutter row-child\"><div class=\"wpb_row row-inner\"><div class=\"wpb_column pos-top pos-center align_left column_child col-lg-6 single-internal-gutter\"><div class=\"uncol style-light\" ><div class=\"uncoltable\"><div class=\"uncell single-block-padding\" ><div class=\"uncont\" ><div class=\"vc_custom_heading_wrap\"><div class=\"heading-text el-text\" ><h3 class=\"h3 font-weight-600\" ><span>Filing of Opposition<\/span><\/h3><div class=\"text-lead text-top-reduced\"><p>Preparation and filing of a formal opposition against a granted patent within the statutory time limits.<\/p>\n<\/div><\/div><div class=\"clear\"><\/div><\/div><\/div><\/div><\/div><\/div><\/div><div class=\"wpb_column pos-top pos-center align_left column_child col-lg-6 single-internal-gutter\"><div class=\"uncol style-light\" ><div class=\"uncoltable\"><div class=\"uncell single-block-padding\" ><div class=\"uncont\" ><div class=\"vc_custom_heading_wrap\"><div class=\"heading-text el-text\" ><h3 class=\"h3 font-weight-600\" ><span>Oral Hearings<\/span><\/h3><div class=\"text-lead text-top-reduced\"><p>Presentation of arguments and evidence in oral hearings before the opposition division of the relevant patent office or court.<\/p>\n<\/div><\/div><div class=\"clear\"><\/div><\/div><\/div><\/div><\/div><\/div><\/div><\/div><\/div><\/div><div class=\"vc_row row-internal row-container\"><div class=\"row unequal col-no-gutter row-child\"><div class=\"wpb_row row-inner\"><div class=\"wpb_column pos-top pos-center align_left column_child col-lg-6 single-internal-gutter\"><div class=\"uncol style-light\" ><div class=\"uncoltable\"><div class=\"uncell single-block-padding\" ><div class=\"uncont\" ><div class=\"vc_custom_heading_wrap\"><div class=\"heading-text el-text\" ><h3 class=\"h3 font-weight-600\" ><span>Validity Analysis<\/span><\/h3><div class=\"text-lead text-top-reduced\"><p>Conducting a detailed assessment of patent validity, including searches for relevant prior art and legal grounds for opposition.<\/p>\n<\/div><\/div><div class=\"clear\"><\/div><\/div><\/div><\/div><\/div><\/div><\/div><div class=\"wpb_column pos-top pos-center align_left column_child col-lg-6 single-internal-gutter\"><div class=\"uncol style-light\" ><div class=\"uncoltable\"><div class=\"uncell single-block-padding\" ><div class=\"uncont\" ><div class=\"vc_custom_heading_wrap\"><div class=\"heading-text el-text\" ><h3 class=\"h3 font-weight-600\" ><span>Action for Annulment<\/span><\/h3><div class=\"text-lead text-top-reduced\"><p>Initiation or defense of an action for annulment before the court to invalidate a patent.<\/p>\n<\/div><\/div><div class=\"clear\"><\/div><\/div><\/div><\/div><\/div><\/div><\/div><\/div><\/div><\/div><div class=\"vc_row row-internal row-container\"><div class=\"row unequal col-no-gutter row-child\"><div class=\"wpb_row row-inner\"><div class=\"wpb_column pos-top pos-center align_left column_child col-lg-6 single-internal-gutter\"><div class=\"uncol style-light\" ><div class=\"uncoltable\"><div class=\"uncell single-block-padding\" ><div class=\"uncont\" ><div class=\"vc_custom_heading_wrap\"><div class=\"heading-text el-text\" ><h3 class=\"h3 font-weight-600\" ><span>Preparation of Grounds for Opposition<\/span><\/h3><div class=\"text-lead text-top-reduced\"><p>Drafting legal and technical arguments in support of an opposition or annulment of a patent.<\/p>\n<\/div><\/div><div class=\"clear\"><\/div><\/div><\/div><\/div><\/div><\/div><\/div><div class=\"wpb_column pos-top pos-center align_left column_child col-lg-6 single-internal-gutter\"><div class=\"uncol style-light\" ><div class=\"uncoltable\"><div class=\"uncell single-block-padding\" ><div class=\"uncont\" ><div class=\"vc_custom_heading_wrap\"><div class=\"heading-text el-text\" ><h3 class=\"h3 font-weight-600\" ><span>Appeal<\/span><\/h3><div class=\"text-lead text-top-reduced\"><p>Processing of appeals against unfavorable opposition or nullity decisions.<\/p>\n<\/div><\/div><div class=\"clear\"><\/div><\/div><\/div><\/div><\/div><\/div><\/div><\/div><\/div><\/div><div class=\"vc_row row-internal row-container\"><div class=\"row unequal col-no-gutter row-child\"><div class=\"wpb_row row-inner\"><div class=\"wpb_column pos-top pos-center align_left column_child col-lg-6 single-internal-gutter\"><div class=\"uncol style-light\" ><div class=\"uncoltable\"><div class=\"uncell single-block-padding\" ><div class=\"uncont\" ><div class=\"vc_custom_heading_wrap\"><div class=\"heading-text el-text\" ><h3 class=\"h3 font-weight-600\" ><span>Collection and Submission of Evidence<\/span><\/h3><div class=\"text-lead text-top-reduced\"><p>Collection of relevant evidence, including prior art and technical analyses, in support of oppositions.<\/p>\n<\/div><\/div><div class=\"clear\"><\/div><\/div><\/div><\/div><\/div><\/div><\/div><div class=\"wpb_column pos-top pos-center align_left column_child col-lg-6 single-internal-gutter\"><div class=\"uncol style-light\" ><div class=\"uncoltable\"><div class=\"uncell single-block-padding\" ><div class=\"uncont\" ><div class=\"vc_custom_heading_wrap\"><div class=\"heading-text el-text\" ><h3 class=\"h3 font-weight-600\" ><span>Strategic Advice<\/span><\/h3><div class=\"text-lead text-top-reduced\"><p>Advice on the prospects of success and the best course of action, whether in defense or contestation of the patent.<\/p>\n<\/div><\/div><div class=\"clear\"><\/div><\/div><\/div><\/div><\/div><\/div><\/div><\/div><\/div><\/div><div class=\"vc_row row-internal row-container\"><div class=\"row unequal col-no-gutter row-child\"><div class=\"wpb_row row-inner\"><div class=\"wpb_column pos-top pos-center align_left column_child col-lg-6 single-internal-gutter\"><div class=\"uncol style-light\" ><div class=\"uncoltable\"><div class=\"uncell single-block-padding\" ><div class=\"uncont\" ><div class=\"vc_custom_heading_wrap\"><div class=\"heading-text el-text\" ><h3 class=\"h3 font-weight-600\" ><span>Representation in Opposition Proceedings<\/span><\/h3><div class=\"text-lead text-top-reduced\"><p>Representing the client in hearings and correspondence with the opposition division of the relevant patent office.<\/p>\n<\/div><\/div><div class=\"clear\"><\/div><\/div><\/div><\/div><\/div><\/div><\/div><div class=\"wpb_column pos-top pos-center align_left column_child col-lg-6 single-internal-gutter\"><div class=\"uncol style-light\" ><div class=\"uncoltable\"><div class=\"uncell single-block-padding\" ><div class=\"uncont\" ><div class=\"vc_custom_heading_wrap\"><div class=\"heading-text el-text\" ><h3 class=\"h3 font-weight-600\" ><span>Settlement Negotiations<\/span><\/h3><div class=\"text-lead text-top-reduced\"><p>Support in negotiations for the out-of-court settlement of opposition or nullity disputes.<\/p>\n<\/div><\/div><div class=\"clear\"><\/div><\/div><\/div><\/div><\/div><\/div><\/div><\/div><\/div><\/div><div class=\"vc_row row-internal row-container\"><div class=\"row unequal col-no-gutter row-child\"><div class=\"wpb_row row-inner\"><div class=\"wpb_column pos-top pos-center align_left column_child col-lg-6 single-internal-gutter\"><div class=\"uncol style-light\" ><div class=\"uncoltable\"><div class=\"uncell single-block-padding\" ><div class=\"uncont\" ><div class=\"vc_custom_heading_wrap\"><div class=\"heading-text el-text\" ><h3 class=\"h3 font-weight-600\" ><span>Response to Oppositions<\/span><\/h3><div class=\"text-lead text-top-reduced\"><p>Preparation of replies and counter-arguments if the client's patent is opposed.<\/p>\n<\/div><\/div><div class=\"clear\"><\/div><\/div><\/div><\/div><\/div><\/div><\/div><div class=\"wpb_column pos-top pos-center align_left column_child col-lg-6 single-internal-gutter\"><div class=\"uncol style-light\" ><div class=\"uncoltable\"><div class=\"uncell single-block-padding\" ><div class=\"uncont\" ><div class=\"vc_custom_heading_wrap\"><div class=\"heading-text el-text\" ><h3 class=\"h3 font-weight-600\" ><span>Coordination of various Opposition Proceedings<\/span><\/h3><div class=\"text-lead text-top-reduced\"><p>Coordination of opposition or nullity proceedings in several relevant countries.<\/p>\n<\/div><\/div><div class=\"clear\"><\/div><\/div><\/div><\/div><\/div><\/div><\/div><\/div><\/div><\/div><\/div><\/div><\/div><\/div><\/div><script id=\"script-row-unique-1\" data-row=\"script-row-unique-1\" type=\"text\/javascript\" class=\"vc_controls\">UNCODE.initRow(document.getElementById(\"row-unique-1\"));<\/script><\/div><\/div><\/div><div data-parent=\"true\" class=\"vc_row addnav style-color-153101-bg row-container\" id=\"row-unique-2\"><div class=\"row-background background-element\" style=\"opacity: 1;\">\n\t\t\t\t\t\t\t\t\t\t\t<div class=\"background-wrapper\">\n\t\t\t\t\t\t\t\t\t\t\t\t<div class=\"background-inner\"><\/div>\n\t\t\t\t\t\t\t\t\t\t\t\t<div class=\"block-bg-overlay style-color-xsdn-bg\" style=\"opacity: 0.5;\"><\/div>\n\t\t\t\t\t\t\t\t\t\t\t<\/div>\n\t\t\t\t\t\t\t\t\t\t<\/div><div class=\"row col-no-gutter no-top-padding no-bottom-padding single-h-padding full-width row-parent\"><div class=\"wpb_row row-inner\"><div class=\"wpb_column pos-top pos-center align_left column_parent col-lg-6 single-internal-gutter\"><div class=\"uncol style-light\"  ><div class=\"uncoltable\"><div class=\"uncell no-block-padding\" ><div class=\"uncont\" ><div class=\"icon-box icon-box-left icon-box-space-reduced\" ><div class=\"icon-box-icon fa-container\"><a role=\"button\" href=\"\/en\/kompetenzen\/designanmeldungen\/\" title=\"Design Registration\" aria-label=\"Design Registration\" class=\"text-default-color custom-link\"><i class=\"fa fa-arrow-left2 fa-1x fa-fw\"><\/i><\/a><\/div><div class=\"icon-box-content\"><div class=\"icon-box-heading icon-box-fa-1x\"><h3 class=\"font-555555 h5\"><a role=\"button\" href=\"\/en\/kompetenzen\/designanmeldungen\/\" title=\"Design Registration\" aria-label=\"Design Registration\">Design Registration<\/a><\/h3><\/div><\/div><\/div><\/div><\/div><\/div><\/div><\/div><div class=\"wpb_column pos-top pos-center align_right column_parent col-lg-6 single-internal-gutter\"><div class=\"uncol style-light\"  ><div class=\"uncoltable\"><div class=\"uncell no-block-padding\" ><div class=\"uncont\" ><div class=\"icon-box icon-box-right icon-box-space-reduced\" ><div class=\"icon-box-content\"><div class=\"icon-box-heading icon-box-fa-1x\"><h3 class=\"font-555555 h5\"><a role=\"button\" href=\"\/en\/kompetenzen\/arbeitnehmererfindung\/\" title=\"Employee Invention\" aria-label=\"Employee Invention\">Employee Invention<\/a><\/h3><\/div><\/div><div class=\"icon-box-icon fa-container\"><a role=\"button\" href=\"\/en\/kompetenzen\/arbeitnehmererfindung\/\" title=\"Employee Invention\" aria-label=\"Employee Invention\" class=\"text-default-color custom-link\"><i class=\"fa fa-arrow-right2 fa-1x fa-fw\"><\/i><\/a><\/div><\/div><\/div><\/div><\/div><\/div><\/div><script id=\"script-row-unique-2\" data-row=\"script-row-unique-2\" type=\"text\/javascript\" class=\"vc_controls\">UNCODE.initRow(document.getElementById(\"row-unique-2\"));<\/script><\/div><\/div><\/div>\n<\/div>","protected":false},"excerpt":{"rendered":"Einspruch- und NichtigkeitsverfahrenErteilte Patente k\u00f6nnen Gesch\u00e4ftst\u00e4tigkeiten oder Produkte eines Unternehmens mittels Abmahnung oder Patentverletzungsverfahren gef\u00e4hrden. In diesem Fall haben Sie [...]","protected":false},"author":1,"featured_media":145469,"parent":145115,"menu_order":0,"comment_status":"closed","ping_status":"closed","template":"","meta":{"footnotes":""},"class_list":["post-136","page","type-page","status-publish","has-post-thumbnail","hentry"],"_links":{"self":[{"href":"https:\/\/flaschpatent.de\/en\/wp-json\/wp\/v2\/pages\/136","targetHints":{"allow":["GET"]}}],"collection":[{"href":"https:\/\/flaschpatent.de\/en\/wp-json\/wp\/v2\/pages"}],"about":[{"href":"https:\/\/flaschpatent.de\/en\/wp-json\/wp\/v2\/types\/page"}],"author":[{"embeddable":true,"href":"https:\/\/flaschpatent.de\/en\/wp-json\/wp\/v2\/users\/1"}],"replies":[{"embeddable":true,"href":"https:\/\/flaschpatent.de\/en\/wp-json\/wp\/v2\/comments?post=136"}],"version-history":[{"count":3,"href":"https:\/\/flaschpatent.de\/en\/wp-json\/wp\/v2\/pages\/136\/revisions"}],"predecessor-version":[{"id":146106,"href":"https:\/\/flaschpatent.de\/en\/wp-json\/wp\/v2\/pages\/136\/revisions\/146106"}],"up":[{"embeddable":true,"href":"https:\/\/flaschpatent.de\/en\/wp-json\/wp\/v2\/pages\/145115"}],"wp:featuredmedia":[{"embeddable":true,"href":"https:\/\/flaschpatent.de\/en\/wp-json\/wp\/v2\/media\/145469"}],"wp:attachment":[{"href":"https:\/\/flaschpatent.de\/en\/wp-json\/wp\/v2\/media?parent=136"}],"curies":[{"name":"wp","href":"https:\/\/api.w.org\/{rel}","templated":true}]}}